{"id":86,"date":"2016-04-18T15:25:28","date_gmt":"2016-04-18T15:25:28","guid":{"rendered":"http:\/\/realtyspace.codefactory47.com\/?page_id=86"},"modified":"2021-12-23T18:57:44","modified_gmt":"2021-12-23T18:57:44","slug":"contact","status":"publish","type":"page","link":"https:\/\/www.empresariales.com.py\/v3\/contact\/","title":{"rendered":"Contacto"},"content":{"rendered":"<h4>Cont\u00e1ctanos<\/h4>\n<div class=\"entry-content\">\n<p>Somos un equipo profesional de asesoramiento a empresas e instituciones para dar un servicio profesional de calidad a todas las \u00e1reas de la empresa que necesitan apoyo y ayuda especializada. Orientamos nuestros servicios profesionales a las peque\u00f1as y medianas empresas, a personas f\u00edsicas y jur\u00eddicas, del sector publico y privado.<\/p>\n<\/div>\n","protected":false},"excerpt":{"rendered":"<p>Cont\u00e1ctanos Somos un equipo profesional de asesoramiento a empresas e instituciones para dar un servicio profesional de calidad a todas las \u00e1reas de la empresa que necesitan apoyo y ayuda especializada. Orientamos nuestros servicios profesionales a las peque\u00f1as y medianas empresas, a personas f\u00edsicas y jur\u00eddicas, del sector publico y privado.<\/p>\n","protected":false},"author":1,"featured_media":0,"parent":0,"menu_order":0,"comment_status":"closed","ping_status":"closed","template":"page-templates\/template-page-contact.php","meta":{"footnotes":""},"class_list":["post-86","page","type-page","status-publish","hentry"],"_links":{"self":[{"href":"https:\/\/www.empresariales.com.py\/v3\/wp-json\/wp\/v2\/pages\/86","targetHints":{"allow":["GET"]}}],"collection":[{"href":"https:\/\/www.empresariales.com.py\/v3\/wp-json\/wp\/v2\/pages"}],"about":[{"href":"https:\/\/www.empresariales.com.py\/v3\/wp-json\/wp\/v2\/types\/page"}],"author":[{"embeddable":true,"href":"https:\/\/www.empresariales.com.py\/v3\/wp-json\/wp\/v2\/users\/1"}],"replies":[{"embeddable":true,"href":"https:\/\/www.empresariales.com.py\/v3\/wp-json\/wp\/v2\/comments?post=86"}],"version-history":[{"count":19,"href":"https:\/\/www.empresariales.com.py\/v3\/wp-json\/wp\/v2\/pages\/86\/revisions"}],"predecessor-version":[{"id":1137,"href":"https:\/\/www.empresariales.com.py\/v3\/wp-json\/wp\/v2\/pages\/86\/revisions\/1137"}],"wp:attachment":[{"href":"https:\/\/www.empresariales.com.py\/v3\/wp-json\/wp\/v2\/media?parent=86"}],"curies":[{"name":"wp","href":"https:\/\/api.w.org\/{rel}","templated":true}]}}