{"id":573,"date":"2016-07-01T09:48:47","date_gmt":"2016-07-01T09:48:47","guid":{"rendered":"http:\/\/realtyspace.codefactory47.com\/?page_id=524"},"modified":"2022-02-10T00:40:06","modified_gmt":"2022-02-10T00:40:06","slug":"home","status":"publish","type":"page","link":"https:\/\/www.empresariales.com.py\/v3\/","title":{"rendered":"Home"},"content":{"rendered":"<p>[vc_row full_width=\u00bbstretch_row_content_no_spaces\u00bb css=\u00bb.vc_custom_1469295018484{background-image: url(https:\/\/www.empresariales.com.py\/v3\/wp-content\/uploads\/2016\/04\/banner-1-1.jpg?id=215) !important;}\u00bb el_class=\u00bbbanner&#8211;overlay\u00bb][vc_column css=\u00bb.vc_custom_1466700872272{padding-top: 0px !important;}\u00bb][cf47rs_section_hero title=\u00bbEmprendedores Empresariales\u00bb subtitle=\u00bbLa mejor manera de encontrar lo que estas buscando\u00bb action_text=\u00bbEmpecemos!\u00bb map_enabled=\u00bbtrue\u00bb scroll_text=\u00bbBajar\u00bb][cf47rs_search_field field_name=\u00bblocation\u00bb][cf47rs_search_field field_name=\u00bbproperty_type\u00bb][cf47rs_search_field field_name=\u00bbproperty_feature\u00bb][cf47rs_search_field field_name=\u00bbarea\u00bb][cf47rs_search_field field_name=\u00bbprice\u00bb][cf47rs_search_field field_name=\u00bbbathroom\u00bb][\/cf47rs_section_hero][\/vc_column][\/vc_row][vc_row full_width=\u00bbstretch_row_content_no_spaces\u00bb][vc_column css=\u00bb.vc_custom_1467988013893{padding-top: 0px !important;}\u00bb][cf47rs_section_property_group title=\u00bbEmprendedores Empresariales\u00bb subtitle=\u00bbCon mas de 500 clientes activos tenemos el mayor inventario inmobiliario de la zona.\u00bb css=\u00bb.vc_custom_1631837289377{padding-top: 0px !important;}\u00bb][cf47rs_section_property_group_tab title=\u00bbRecientes\u00bb data_max_items=\u00bb6&#8243;][cf47rs_section_property_group_tab title=\u00bbDestacados\u00bb data_type=\u00bbfeatured\u00bb data_max_items=\u00bb6&#8243;][\/cf47rs_section_property_group][\/vc_column][\/vc_row][vc_row full_width=\u00bbstretch_row_content_no_spaces\u00bb css=\u00bb.vc_custom_1467987973009{padding-top: 0px !important;background-color: #ffffff !important;}\u00bb][vc_column css=\u00bb.vc_custom_1467988153317{padding-top: 0px !important;}\u00bb][cf47rs_section_features title=\u00bbMisi\u00f3n\u00bb subtitle=\u00bbNuestra misi\u00f3n es brindar informaci\u00f3n a los consumidores para que tomen decisiones inteligentes. Emprendedores Empresariales es un mercado inmobiliario dedicado a ayudar a propietarios, compradores, vendedores, inquilinos y agentes a encontrar y compartir informaci\u00f3n sobre viviendas, bienes ra\u00edces y mejoras para el hogar.\u00bb side_image=\u00bb138&#8243; css=\u00bb.vc_custom_1631837466578{padding-top: 0px !important;}\u00bb][cf47rs_section_features_item label=\u00bbAhorra Dinero\u00bb add_icon=\u00bbtrue\u00bb icon_type=\u00bbsvg\u00bb icon_svg=\u00bbsvg-icon svg-icon-money-save\u00bb]Comienza con nuestra base de datos de inmuebles, Incluidas casas en venta, casas en alquiler y casas que actualmente no est\u00e1n en el mercado.[\/cf47rs_section_features_item][cf47rs_section_features_item label=\u00bbVentas y Marketing\u00bb add_icon=\u00bbtrue\u00bb icon_type=\u00bbsvg\u00bb icon_svg=\u00bbsvg-icon svg-icon-good-sales\u00bb]Adem\u00e1s, Emprendedores Empresariales opera con las redes de publicidad inmobiliaria y de alquiler. Presta servicios de administraci\u00f3n de inmuebles.[\/cf47rs_section_features_item][cf47rs_section_features_item label=\u00bbServicios\u00bb add_icon=\u00bbtrue\u00bb icon_type=\u00bbsvg\u00bb icon_svg=\u00bbsvg-icon svg-icon-comfort\u00bb]Orientamos nuestros servicios profesionales a las peque\u00f1as y medianas empresas, a personas f\u00edsicas y jur\u00eddicas, del sector publico y privado.<br \/>\nLas ONG\u00b4s, PyMEs, profesionales y emprendedores pueden contar con<br \/>\nnosotros para:<\/p>\n<ul>\n<li>Auditoria<\/li>\n<li>Consultor\u00eda impositiva<\/li>\n<li>Consultor\u00eda administrativa contable<\/li>\n<li>Constituci\u00f3n de sociedades<\/li>\n<li>Constituci\u00f3n de fundaciones<\/li>\n<li>Constituci\u00f3n de asociaciones<\/li>\n<li>Asesoramiento a empresas del sector publico<\/li>\n<li>Entrenamientos<\/li>\n<\/ul>\n<p>[\/cf47rs_section_features_item][cf47rs_section_features_item label=\u00bbF\u00e1cil de buscar\u00bb add_icon=\u00bbtrue\u00bb icon_type=\u00bbsvg\u00bb icon_svg=\u00bbsvg-icon svg-icon-easy\u00bb]Nuestra base de datos viva e interactiva te permite b\u00fasquedas mas detalladas de tus preferencias para que a la hora de elegir tengas a tu alcance exactamente lo tenias lo que estas buscando.[\/cf47rs_section_features_item][\/cf47rs_section_features][\/vc_column][\/vc_row][vc_row full_width=\u00bbstretch_row_content_no_spaces\u00bb][vc_column][cf47rs_section_agents title=\u00bbNuestros Agentes\u00bb subtitle=\u00bbNuestros agentes son profesionales con licencia que se especializan en buscar, evaluar y negociar la compra de una propiedad en nombre del comprador. Te vender\u00e1n bienes ra\u00edces. Perspectivas, consejos y gu\u00edas pr\u00e1cticas sobre c\u00f3mo vender una propiedad y preparar su casa o propiedad de inversi\u00f3n para la venta y trabajar para maximizar su precio de venta.\u00bb data_max_items=\u00bb4&#8243;][\/vc_column][\/vc_row][vc_row full_width=\u00bbstretch_row_content_no_spaces\u00bb][vc_column][cf47rs_section_posts title=\u00bbNoticias\u00bb data_max_items=\u00bb3&#8243;][\/vc_column][\/vc_row][vc_row full_width=\u00bbstretch_row_content_no_spaces\u00bb css=\u00bb.vc_custom_1466698214898{background-image: url(https:\/\/www.empresariales.com.py\/v3\/wp-content\/uploads\/2016\/04\/bg-achievement.jpg?id=136) !important;background-position: center !important;background-repeat: no-repeat !important;background-size: cover !important;}\u00bb][vc_column css=\u00bb.vc_custom_1466700899805{padding-top: 0px !important;padding-bottom: 0px !important;}\u00bb][cf47rs_section_counter][cf47rs_section_counter_item count_to=\u00bb1458&#8243; label=\u00bbTransacciones\u00bb add_icon=\u00bbtrue\u00bb icon_type=\u00bbsvg\u00bb icon_svg=\u00bbsvg-icon svg-icon-transactions\u00bb counter_duration=\u00bb1&#8243;][cf47rs_section_counter_item count_to=\u00bb1896&#8243; label=\u00bbClientes Satisfechos\u00bb add_icon=\u00bbtrue\u00bb icon_type=\u00bbsvg\u00bb icon_svg=\u00bbsvg-icon svg-icon-customers\u00bb counter_duration=\u00bb1&#8243;][cf47rs_section_counter_item count_to=\u00bb3&#8243; label=\u00bbAgencias\u00bb add_icon=\u00bbtrue\u00bb icon_type=\u00bbsvg\u00bb icon_svg=\u00bbsvg-icon svg-icon-agency\u00bb counter_duration=\u00bb1&#8243;][cf47rs_section_counter_item count_to=\u00bb2415&#8243; label=\u00bbVentas y Alquileres\u00bb add_icon=\u00bbtrue\u00bb icon_type=\u00bbsvg\u00bb icon_svg=\u00bbsvg-icon svg-icon-sales\u00bb counter_duration=\u00bb1&#8243;][\/cf47rs_section_counter][\/vc_column][\/vc_row][vc_row full_width=\u00bbstretch_row_content_no_spaces\u00bb][vc_column][\/vc_column][\/vc_row][vc_row full_width=\u00bbstretch_row_content_no_spaces\u00bb content_placement=\u00bbtop\u00bb el_class=\u00bbgosubmit__bg\u00bb css=\u00bb.vc_custom_1467033765179{background: #ffffff url(https:\/\/www.empresariales.com.py\/v3\/wp-content\/uploads\/2016\/06\/bg-gosubmit.jpg?id=350) !important;}\u00bb][vc_column css=\u00bb.vc_custom_1466701428997{padding-top: 0px !important;background-position: 0 0 !important;background-repeat: no-repeat !important;}\u00bb][cf47rs_section_cta text=\u00bbJTIwJTNDZGl2JTIwY2xhc3MlM0QlMjJnb3N1Ym1pdF9fdGl0bGUlMjIlM0UlMEElMjAlMjAlMjAlMjAlM0NkaXYlMjBjbGFzcyUzRCUyMmdvc3VibWl0X190aXRsZV9fcm93JTIwZ29zdWJtaXRfX3RpdGxlX19yb3ctLWZpcnN0JTIyJTNFJTBBJTIwJTIwJTIwJTIwJTIwJTIwJTIwJTIwQnVzY2FuZG8lMEElMjAlMjAlMjAlMjAlM0MlMkZkaXYlM0UlMEElMjAlMjAlMjAlMjAlM0NkaXYlMjBjbGFzcyUzRCUyMmdvc3VibWl0X190aXRsZV9fcm93JTIwZ29zdWJtaXRfX3RpdGxlX19yb3ctLXNlY29uZCUyMiUzRSUwQSUyMCUyMCUyMCUyMCUyMCUyMCUyMCUyMCUzQ3NwYW4lMjBjbGFzcyUzRCUyMmdvc3VibWl0X190aXRsZV9fb3B0aW9uJTIyJTNFJTBBJTIwJTIwJTIwJTIwJTIwJTIwJTIwJTIwJTIwJTIwJTIwJTIwVmVuZGVyJTBBJTIwJTIwJTIwJTIwJTIwJTIwJTIwJTIwJTNDJTJGc3BhbiUzRSUwQSUyMCUyMCUyMCUyMCUyMCUyMCUyMCUyMG8lMEElMjAlMjAlMjAlMjAlMjAlMjAlMjAlMjAlM0NzcGFuJTIwY2xhc3MlM0QlMjJnb3N1Ym1pdF9fdGl0bGVfX29wdGlvbiUyMiUzRSUwQSUyMCUyMCUyMCUyMCUyMCUyMCUyMCUyMCUyMCUyMCUyMCUyMEFscXVpbGFyJTBBJTIwJTIwJTIwJTIwJTIwJTIwJTIwJTIwJTNDJTJGc3BhbiUzRSUwQSUyMCUyMCUyMCUyMCUzQyUyRmRpdiUzRSUwQSUyMCUyMCUyMCUyMCUzQ2RpdiUyMGNsYXNzJTNEJTIyZ29zdWJtaXRfX3RpdGxlX19yb3clMjBnb3N1Ym1pdF9fdGl0bGVfX3Jvdy0tdGhpcmQlMjIlM0UlMEElMjAlMjAlMjAlMjAlMjAlMjAlMjAlMjBUdSUyMHZpdmllbmRhJTIwbyUyMG5lZ29jaW8lM0YlMEElMjAlMjAlMjAlMjAlM0MlMkZkaXYlM0UlMEElM0MlMkZkaXYlM0UlMEElM0NhJTIwaHJlZiUzRCUyMiUyRnYzJTJGc3VibWl0LWEtcHJvcGVydHklMkYlMjIlMjBjbGFzcyUzRCUyMmdvc3VibWl0X19idG4lMjIlM0VFc2NyJUMzJUFEYmVub3MlM0MlMkZhJTNF\u00bb css=\u00bb.vc_custom_1631839035183{background-position: 0 0 !important;background-repeat: no-repeat !important;}\u00bb][\/vc_column][\/vc_row][vc_row full_width=\u00bbstretch_row_content_no_spaces\u00bb][vc_column][\/vc_column][\/vc_row]<\/p>\n","protected":false},"excerpt":{"rendered":"<p>[vc_row full_width=\u00bbstretch_row_content_no_spaces\u00bb css=\u00bb.vc_custom_1469295018484{background-image: url(https:\/\/www.empresariales.com.py\/v3\/wp-content\/uploads\/2016\/04\/banner-1-1.jpg?id=215) !important;}\u00bb el_class=\u00bbbanner&#8211;overlay\u00bb][vc_column css=\u00bb.vc_custom_1466700872272{padding-top: 0px !important;}\u00bb][cf47rs_section_hero title=\u00bbEmprendedores Empresariales\u00bb subtitle=\u00bbLa mejor manera de encontrar lo que estas buscando\u00bb action_text=\u00bbEmpecemos!\u00bb map_enabled=\u00bbtrue\u00bb scroll_text=\u00bbBajar\u00bb][cf47rs_search_field field_name=\u00bblocation\u00bb][cf47rs_search_field field_name=\u00bbproperty_type\u00bb][cf47rs_search_field field_name=\u00bbproperty_feature\u00bb][cf47rs_search_field field_name=\u00bbarea\u00bb][cf47rs_search_field field_name=\u00bbprice\u00bb][cf47rs_search_field field_name=\u00bbbathroom\u00bb][\/cf47rs_section_hero][\/vc_column][\/vc_row][vc_row full_width=\u00bbstretch_row_content_no_spaces\u00bb][vc_column css=\u00bb.vc_custom_1467988013893{padding-top: 0px !important;}\u00bb][cf47rs_section_property_group title=\u00bbEmprendedores Empresariales\u00bb subtitle=\u00bbCon mas de 500 clientes activos tenemos el mayor inventario inmobiliario de la zona.\u00bb css=\u00bb.vc_custom_1631837289377{padding-top: 0px !important;}\u00bb][cf47rs_section_property_group_tab title=\u00bbRecientes\u00bb data_max_items=\u00bb6&#8243;][cf47rs_section_property_group_tab title=\u00bbDestacados\u00bb [&hellip;]<\/p>\n","protected":false},"author":1,"featured_media":0,"parent":0,"menu_order":0,"comment_status":"closed","ping_status":"closed","template":"page-templates\/template-vc.php","meta":{"footnotes":""},"class_list":["post-573","page","type-page","status-publish","hentry"],"_links":{"self":[{"href":"https:\/\/www.empresariales.com.py\/v3\/wp-json\/wp\/v2\/pages\/573","targetHints":{"allow":["GET"]}}],"collection":[{"href":"https:\/\/www.empresariales.com.py\/v3\/wp-json\/wp\/v2\/pages"}],"about":[{"href":"https:\/\/www.empresariales.com.py\/v3\/wp-json\/wp\/v2\/types\/page"}],"author":[{"embeddable":true,"href":"https:\/\/www.empresariales.com.py\/v3\/wp-json\/wp\/v2\/users\/1"}],"replies":[{"embeddable":true,"href":"https:\/\/www.empresariales.com.py\/v3\/wp-json\/wp\/v2\/comments?post=573"}],"version-history":[{"count":10,"href":"https:\/\/www.empresariales.com.py\/v3\/wp-json\/wp\/v2\/pages\/573\/revisions"}],"predecessor-version":[{"id":1141,"href":"https:\/\/www.empresariales.com.py\/v3\/wp-json\/wp\/v2\/pages\/573\/revisions\/1141"}],"wp:attachment":[{"href":"https:\/\/www.empresariales.com.py\/v3\/wp-json\/wp\/v2\/media?parent=573"}],"curies":[{"name":"wp","href":"https:\/\/api.w.org\/{rel}","templated":true}]}}